{"id":1583,"date":"2014-06-24T10:49:36","date_gmt":"2014-06-24T08:49:36","guid":{"rendered":"http:\/\/www.dungeon-skippers.fr\/?page_id=1583"},"modified":"2014-07-23T08:25:12","modified_gmt":"2014-07-23T06:25:12","slug":"le-jeu-de-role-papier","status":"publish","type":"page","link":"http:\/\/www.dungeon-skippers.fr\/?page_id=1583","title":{"rendered":"Le jeu de r\u00f4le papier"},"content":{"rendered":"<p style=\"text-align: justify;\">Pour ce premier article du Carnet, j\u2019ai pens\u00e9 bon de commencer avec les <strong>origines<\/strong> de Dungeon Skippers, la base de la base t\u2019as vu. La plupart d\u2019entre vous n\u2019est pas sans savoir que la s\u00e9rie s\u2019inspire de parties de <span style=\"text-decoration: underline;\">jeu de r\u00f4le papier<\/span>, mais ce concept peut para\u00eetre abstrait voire ringard pour certains de nos jours, particuli\u00e8rement les plus jeunes. Je vais donc quand m\u00eame expliquer en quoi \u00e7a consiste, histoire de larguer personne.<\/p>\n<p style=\"text-align: justify;\">Le jeu de r\u00f4le papier c\u2019est simple : tu prends une table, des crayons, des d\u00e9s, 4 ou 5 potes, des bi\u00e8res, et c\u2019est parti. Pas besoin de PC ou de console \u00e0 500 boules, juste un bouquin de r\u00e8gles (diff\u00e9rent selon le jeu) et un peu <strong>d\u2019imagination<\/strong> bordel de merde. Au d\u00e9part chacun cr\u00e9e son personnage, et lui donne vie gr\u00e2ce a une feuille de perso, sur laquelle sont inscrits ses informations personnelles, caract\u00e9ristiques, \u00e9quipement, etc. A partir de l\u00e0 un des joueurs prend la place du <span style=\"text-decoration: underline;\">Ma\u00eetre de Jeu<\/span>, charg\u00e9 de faire suivre aux autres un sc\u00e9nario qu\u2019il aura pr\u00e9par\u00e9 (plus ou moins minutieusement), et de faire vivre l\u2019univers. En gros c\u2019est \u00e0 lui de raconter l\u2019histoire, de donner vie aux monstres et aux personnages non-joueurs (appel\u00e9s PNJ), et d\u2019orchestrer la partie. Les autres sont alors embarqu\u00e9s dans l\u2019histoire, et racontent comment leur personnage r\u00e9agit a chaque situation, ce qu\u2019ils veulent faire, o\u00f9 ils vont, etc.<\/p>\n<p style=\"text-align: justify;\">La diff\u00e9rence avec le jeu vid\u00e9o est donc qu\u2019on est <strong>libre<\/strong> de faire quasiment ce qu\u2019on veut, pour peu que le Ma\u00eetre de Jeu l\u2019accepte : remplir de poison un cheval mort qui servira de nourriture a un dragon, fabriquer une capote avec un boyau de chat, ou m\u00eame torturer un homme en lui arrachant les t\u00e9tons avec un cadenas rouill\u00e9. Bref, que du bonheur. Les actions sont quant <span style=\"text-align: justify;\">\u00e0 <\/span>elles simul<span style=\"text-align: justify;\">\u00e9<\/span>es par des lancers de d<span style=\"text-align: justify;\">\u00e9<\/span>s de 4 <span style=\"text-align: justify;\">\u00e0 <\/span> 20 faces, qui constituent le principal moteur du jeu.<\/p>\n<p style=\"text-align: center;\"><img loading=\"lazy\" decoding=\"async\" class=\"aligncenter\" title=\"Jeu de role\" src=\"http:\/\/img11.hostingpics.net\/pics\/179257tabletopgamecopie.png\" alt=\"\" width=\"499\" height=\"167\" \/><\/p>\n<p style=\"text-align: justify;\">J\u2019ai donc commenc\u00e9 le jeu de r\u00f4le papier avec mes potes il y a une quatorzaine d&rsquo;ann\u00e9es, avec <strong>R\u00eave de Dragon<\/strong>, cr\u00e9\u00e9 par Denis Gerfaud. Un jeu vraiment excellent, po<span style=\"text-align: justify;\">\u00e9<\/span>tique, mais peut-\u00eatre pas id\u00e9al pour d\u00e9buter, car assez complexe (les combats sont souvent longs et laborieux) et tr\u00e8s ax\u00e9 sur le <span style=\"text-decoration: underline;\">roleplay<\/span>. Pour info, le roleplay c\u2019est le fait de \u201cjouer\u201d son personnage et de le faire vivre selon sa personnalit\u00e9, plut\u00f4t que de le voir uniquement comme un avatar avec des caract\u00e9ristiques. On est donc rest<span style=\"text-align: justify;\">\u00e9s<\/span> quelques ann\u00e9es sur ce jeu, passant nos samedi de 14h \u00e0 3h du matin a jouer, avec du coca, des cookies et des Tucs, puis on a eu envie de tester autre chose. Notre choix s\u2019est alors tourn\u00e9 vers un jeu plus simple, plus appr\u00e9hendable, et surtout plus bourrin : le seul, l\u2019unique, l\u2019originel&#8230;Donjons &amp; Dragons.<\/p>\n<p style=\"text-align: justify;\"><strong>Donjons &amp; Dragons<\/strong> c\u2019est la base. C\u2019est au jeu de r\u00f4le ce qu\u2019est Star Wars <span style=\"text-align: justify;\">\u00e0<\/span> la SF, Mario au jeu vid\u00e9o, les Beatles \u00e0 la musique. Bref, le jambon-beurre du JDR papier. Il a \u00e9t\u00e9 cr\u00e9\u00e9 dans les ann\u00e9es 70 par Gary Gygax et Dave Arneson (tous deux d\u00e9c\u00e9d\u00e9s il y a quelques ann\u00e9es, big up a eux), deux gros geeks qui ont ni plus ni moins d\u00e9fini les bases du jeu de r\u00f4le tel qu\u2019on le conna\u00eet. Et je ne parle pas que de jeu de r\u00f4le papier, car \u00e0 vrai dire un nombre incroyable de jeux vid\u00e9os se basent sur l\u2019univers ou les r\u00e8gles qu\u2019ils ont mit en place. Voil\u00e0 pour le cours d\u2019histoire, apr\u00e8s vous \u00eates grands, vous savez aller sur Wikipedia.<\/p>\n<p style=\"text-align: center;\"><img loading=\"lazy\" decoding=\"async\" class=\"aligncenter\" title=\"Donjons &amp; Dragons\" src=\"http:\/\/img11.hostingpics.net\/pics\/613280500xgaxcopie.png\" alt=\"\" width=\"445\" height=\"146\" \/><\/p>\n<p style=\"text-align: justify;\">Nous voil\u00e0 donc partis sur ce nouveau jeu, avec la m\u00eame bande de potes, d\u00e9sormais en \u00e2ge de remplacer le coca par la bi\u00e8re, et les Tucs par des D<span style=\"text-align: justify;\">\u00e9<\/span>lichocs (au chocolat noir, pour les hommes). Kyrus, Taj\u2019Naar, Wulfgar et Pikwik naissent enfin, suivis de peu par Th\u00e9mis, et s&rsquo;encha\u00eenent alors plusieurs ann\u00e9es a jouer avec les m\u00eames persos, jusqu&rsquo;\u00e0 aujourd\u2019hui. Mais si on a pu se fendre la gueule dessus pendant si longtemps, je pense que c\u2019est avant tout gr\u00e2ce <span style=\"text-align: justify;\">\u00e0 <\/span>notre <span style=\"text-decoration: underline;\">mani\u00e8re de jouer<\/span>, pas toujours orthodoxe. Alors \u00e9videmment on joue principalement selon les r\u00e8gles, on est pas des b<span style=\"text-align: justify;\">\u00ea<\/span>tes hein. Mais bon les r\u00e8gles, on aime pas trop trop \u00e7a en fait. Du coup on fait de la merde, on invente des trucs, on fait des anachronismes, on r\u00e9\u00e9crit le sc\u00e9nario, et on triche de temps en temps, parce que merde quoi c\u2019est plus fun comme \u00e7a. Et forc\u00e9ment, \u00e0 force d&rsquo;encha\u00eener les conneries et de cr\u00e9er des anecdotes au fil des ann\u00e9es, ben \u00e7a donne assez de contenu pour alimenter un webcomic comme Dungeon Skippers !<\/p>\n<p style=\"text-align: center;\"><img loading=\"lazy\" decoding=\"async\" class=\"aligncenter\" title=\"Parties de jeu de role\" src=\"http:\/\/img11.hostingpics.net\/pics\/836410chalom.png\" alt=\"\" width=\"546\" height=\"137\" \/><\/p>\n<p style=\"text-align: justify;\"><em><em>Voil\u00e0, vous savez donc en gros comment la s\u00e9rie est n\u00e9e ! Mais il reste encore plein de trucs <\/em><span style=\"text-align: justify;\">\u00e0 <\/span><em>dire, et je vous donne donc rendez-vous dans un prochain article qui vous pr\u00e9sentera les personnages originaux de l\u2019\u00e9quipe, avant qu\u2019ils soient <\/em><em><em>dungeonskipperis\u00e9s.<\/em><\/em><\/em><\/p>\n","protected":false},"excerpt":{"rendered":"<p>Pour ce premier article du Carnet, j\u2019ai pens\u00e9 bon de commencer avec les origines de Dungeon Skippers, la base de la base t\u2019as vu. La plupart d\u2019entre vous n\u2019est pas sans savoir que la s\u00e9rie s\u2019inspire de parties de jeu de r\u00f4le papier, mais ce concept peut para\u00eetre abstrait voire ringard pour certains de nos [&hellip;]<\/p>\n","protected":false},"author":1,"featured_media":0,"parent":1577,"menu_order":0,"comment_status":"open","ping_status":"open","template":"","meta":{"footnotes":""},"class_list":["post-1583","page","type-page","status-publish","hentry"],"_links":{"self":[{"href":"http:\/\/www.dungeon-skippers.fr\/index.php?rest_route=\/wp\/v2\/pages\/1583","targetHints":{"allow":["GET"]}}],"collection":[{"href":"http:\/\/www.dungeon-skippers.fr\/index.php?rest_route=\/wp\/v2\/pages"}],"about":[{"href":"http:\/\/www.dungeon-skippers.fr\/index.php?rest_route=\/wp\/v2\/types\/page"}],"author":[{"embeddable":true,"href":"http:\/\/www.dungeon-skippers.fr\/index.php?rest_route=\/wp\/v2\/users\/1"}],"replies":[{"embeddable":true,"href":"http:\/\/www.dungeon-skippers.fr\/index.php?rest_route=%2Fwp%2Fv2%2Fcomments&post=1583"}],"version-history":[{"count":15,"href":"http:\/\/www.dungeon-skippers.fr\/index.php?rest_route=\/wp\/v2\/pages\/1583\/revisions"}],"predecessor-version":[{"id":1829,"href":"http:\/\/www.dungeon-skippers.fr\/index.php?rest_route=\/wp\/v2\/pages\/1583\/revisions\/1829"}],"up":[{"embeddable":true,"href":"http:\/\/www.dungeon-skippers.fr\/index.php?rest_route=\/wp\/v2\/pages\/1577"}],"wp:attachment":[{"href":"http:\/\/www.dungeon-skippers.fr\/index.php?rest_route=%2Fwp%2Fv2%2Fmedia&parent=1583"}],"curies":[{"name":"wp","href":"https:\/\/api.w.org\/{rel}","templated":true}]}}