{"id":16,"date":"2009-09-12T11:44:26","date_gmt":"2009-09-12T09:44:26","guid":{"rendered":"http:\/\/www.dungeon-skippers.fr\/?page_id=16"},"modified":"2014-08-20T10:42:55","modified_gmt":"2014-08-20T08:42:55","slug":"episode-special-1","status":"publish","type":"page","link":"http:\/\/www.dungeon-skippers.fr\/?page_id=16","title":{"rendered":"\u00c9pisode sp\u00e9cial 1"},"content":{"rendered":"<h2 style=\"padding-left: 30px;\"><span style=\"text-decoration: underline;\">Pilote<\/span><\/h2>\n<p style=\"text-align: center;\"><em>Cet &laquo;&nbsp;\u00e9pisode&nbsp;&raquo; d\u00e9gueulasse est mon tout premier essai pour la s\u00e9rie<br \/>\net m&rsquo;a permit de tester plusieurs trucs. <\/em><\/p>\n<p style=\"text-align: center;\"><img loading=\"lazy\" decoding=\"async\" class=\"size-full wp-image-38  aligncenter\" title=\"Pilote\" src=\"http:\/\/www.dungeon-skippers.fr\/wp-content\/uploads\/2009\/09\/Ep1-LQ.jpg\" alt=\"Episode sp\u00e9cial 1\" width=\"540\" height=\"1397\" \/><\/p>\n","protected":false},"excerpt":{"rendered":"<p>Pilote Cet &laquo;&nbsp;\u00e9pisode&nbsp;&raquo; d\u00e9gueulasse est mon tout premier essai pour la s\u00e9rie et m&rsquo;a permit de tester plusieurs trucs.<\/p>\n","protected":false},"author":1,"featured_media":0,"parent":6,"menu_order":0,"comment_status":"open","ping_status":"open","template":"","meta":{"footnotes":""},"class_list":["post-16","page","type-page","status-publish","hentry"],"_links":{"self":[{"href":"http:\/\/www.dungeon-skippers.fr\/index.php?rest_route=\/wp\/v2\/pages\/16","targetHints":{"allow":["GET"]}}],"collection":[{"href":"http:\/\/www.dungeon-skippers.fr\/index.php?rest_route=\/wp\/v2\/pages"}],"about":[{"href":"http:\/\/www.dungeon-skippers.fr\/index.php?rest_route=\/wp\/v2\/types\/page"}],"author":[{"embeddable":true,"href":"http:\/\/www.dungeon-skippers.fr\/index.php?rest_route=\/wp\/v2\/users\/1"}],"replies":[{"embeddable":true,"href":"http:\/\/www.dungeon-skippers.fr\/index.php?rest_route=%2Fwp%2Fv2%2Fcomments&post=16"}],"version-history":[{"count":14,"href":"http:\/\/www.dungeon-skippers.fr\/index.php?rest_route=\/wp\/v2\/pages\/16\/revisions"}],"predecessor-version":[{"id":28,"href":"http:\/\/www.dungeon-skippers.fr\/index.php?rest_route=\/wp\/v2\/pages\/16\/revisions\/28"}],"up":[{"embeddable":true,"href":"http:\/\/www.dungeon-skippers.fr\/index.php?rest_route=\/wp\/v2\/pages\/6"}],"wp:attachment":[{"href":"http:\/\/www.dungeon-skippers.fr\/index.php?rest_route=%2Fwp%2Fv2%2Fmedia&parent=16"}],"curies":[{"name":"wp","href":"https:\/\/api.w.org\/{rel}","templated":true}]}}