{"id":1636,"date":"2014-06-26T04:01:42","date_gmt":"2014-06-26T02:01:42","guid":{"rendered":"http:\/\/www.dungeon-skippers.fr\/?page_id=1636"},"modified":"2015-04-08T09:58:57","modified_gmt":"2015-04-08T07:58:57","slug":"illustrations-fanarts","status":"publish","type":"page","link":"http:\/\/www.dungeon-skippers.fr\/?page_id=1636","title":{"rendered":"Illustrations &#038; Fanarts"},"content":{"rendered":"<p style=\"text-align: center;\"><em>Si vous avez un joli fanart (ou m\u00eame moche, je m&rsquo;en fous) \u00e0 m&rsquo;envoyer c&rsquo;est \u00e0 cette adresse :<\/em> murgen.gw@gmail.com<\/p>\n<p style=\"text-align: center;\"><img decoding=\"async\" class=\"aligncenter\" src=\"http:\/\/img11.hostingpics.net\/pics\/145449illus.png\" alt=\"\" \/><\/p>\n<p style=\"text-align: center;\"><a href=\"http:\/\/www.dungeon-skippers.fr\/?page_id=1760\"><img decoding=\"async\" class=\"aligncenter\" src=\"http:\/\/img11.hostingpics.net\/pics\/573261181.png\" alt=\"\" \/> <\/a><a href=\"http:\/\/www.dungeon-skippers.fr\/?page_id=1764\"><img decoding=\"async\" class=\"aligncenter\" src=\"http:\/\/img11.hostingpics.net\/pics\/265532752.png\" alt=\"\" \/> <\/a><a href=\"http:\/\/www.dungeon-skippers.fr\/?page_id=1768\"><img decoding=\"async\" class=\"aligncenter\" src=\"http:\/\/img11.hostingpics.net\/pics\/179154173.png\" alt=\"\" \/><\/a><br \/>\n<a href=\"http:\/\/www.dungeon-skippers.fr\/?page_id=1771\"><img decoding=\"async\" class=\"aligncenter\" src=\"http:\/\/img11.hostingpics.net\/pics\/193968294.png\" alt=\"\" \/><\/a> <a href=\"http:\/\/www.dungeon-skippers.fr\/?page_id=2090\"><img decoding=\"async\" class=\"aligncenter\" src=\"http:\/\/img4.hostingpics.net\/pics\/6026598510.png\" alt=\"\" \/><\/a><\/p>\n<p style=\"text-align: center;\"><img decoding=\"async\" class=\"aligncenter\" src=\"http:\/\/img11.hostingpics.net\/pics\/852722fanarts.png\" alt=\"\" \/><\/p>\n<p style=\"text-align: center;\"><a href=\"http:\/\/www.dungeon-skippers.fr\/?page_id=1773\"><img decoding=\"async\" class=\"aligncenter\" src=\"http:\/\/img11.hostingpics.net\/pics\/815455455.png\" alt=\"\" \/> <\/a><a href=\"http:\/\/www.dungeon-skippers.fr\/?page_id=1777\"><img decoding=\"async\" class=\"aligncenter\" src=\"http:\/\/img11.hostingpics.net\/pics\/692567646.png\" alt=\"\" \/><\/a> <a href=\"http:\/\/www.dungeon-skippers.fr\/?page_id=2071\"><img decoding=\"async\" class=\"aligncenter\" src=\"http:\/\/img4.hostingpics.net\/pics\/477516207.png\" alt=\"\" \/><\/a><br \/>\n<a href=\"http:\/\/www.dungeon-skippers.fr\/?page_id=2076\"><img decoding=\"async\" class=\"aligncenter\" src=\"http:\/\/img4.hostingpics.net\/pics\/519384289.png\" alt=\"\" \/><\/a> <a href=\"http:\/\/www.dungeon-skippers.fr\/?page_id=2081\"><img decoding=\"async\" class=\"aligncenter\" src=\"http:\/\/img4.hostingpics.net\/pics\/455090128.png\" alt=\"\" \/><\/a> <a href=\"http:\/\/www.dungeon-skippers.fr\/?page_id=2201\"><img decoding=\"async\" class=\"aligncenter\" src=\"http:\/\/img11.hostingpics.net\/pics\/5236292015.png\" alt=\"\" \/><\/a><br \/>\n<a href=\"http:\/\/www.dungeon-skippers.fr\/?page_id=2300\"><img decoding=\"async\" class=\"aligncenter\" src=\"http:\/\/img11.hostingpics.net\/pics\/909431rafahel.png\" alt=\"\" \/>\u00a0<\/a><a href=\"http:\/\/www.dungeon-skippers.fr\/?page_id=2338\"><img loading=\"lazy\" decoding=\"async\" class=\"aligncenter\" src=\"http:\/\/img11.hostingpics.net\/pics\/9488172110.png\" alt=\"\" width=\"133\" height=\"132\" \/><\/a><\/p>\n","protected":false},"excerpt":{"rendered":"<p>Si vous avez un joli fanart (ou m\u00eame moche, je m&rsquo;en fous) \u00e0 m&rsquo;envoyer c&rsquo;est \u00e0 cette adresse : murgen.gw@gmail.com \u00a0<\/p>\n","protected":false},"author":1,"featured_media":0,"parent":8,"menu_order":0,"comment_status":"open","ping_status":"open","template":"","meta":{"footnotes":""},"class_list":["post-1636","page","type-page","status-publish","hentry"],"_links":{"self":[{"href":"http:\/\/www.dungeon-skippers.fr\/index.php?rest_route=\/wp\/v2\/pages\/1636","targetHints":{"allow":["GET"]}}],"collection":[{"href":"http:\/\/www.dungeon-skippers.fr\/index.php?rest_route=\/wp\/v2\/pages"}],"about":[{"href":"http:\/\/www.dungeon-skippers.fr\/index.php?rest_route=\/wp\/v2\/types\/page"}],"author":[{"embeddable":true,"href":"http:\/\/www.dungeon-skippers.fr\/index.php?rest_route=\/wp\/v2\/users\/1"}],"replies":[{"embeddable":true,"href":"http:\/\/www.dungeon-skippers.fr\/index.php?rest_route=%2Fwp%2Fv2%2Fcomments&post=1636"}],"version-history":[{"count":17,"href":"http:\/\/www.dungeon-skippers.fr\/index.php?rest_route=\/wp\/v2\/pages\/1636\/revisions"}],"predecessor-version":[{"id":2346,"href":"http:\/\/www.dungeon-skippers.fr\/index.php?rest_route=\/wp\/v2\/pages\/1636\/revisions\/2346"}],"up":[{"embeddable":true,"href":"http:\/\/www.dungeon-skippers.fr\/index.php?rest_route=\/wp\/v2\/pages\/8"}],"wp:attachment":[{"href":"http:\/\/www.dungeon-skippers.fr\/index.php?rest_route=%2Fwp%2Fv2%2Fmedia&parent=1636"}],"curies":[{"name":"wp","href":"https:\/\/api.w.org\/{rel}","templated":true}]}}