{"id":1952,"date":"2014-08-20T06:19:10","date_gmt":"2014-08-20T04:19:10","guid":{"rendered":"http:\/\/www.dungeon-skippers.fr\/?page_id=1952"},"modified":"2014-08-20T10:39:13","modified_gmt":"2014-08-20T08:39:13","slug":"episode-special-8","status":"publish","type":"page","link":"http:\/\/www.dungeon-skippers.fr\/?page_id=1952","title":{"rendered":"\u00c9pisode sp\u00e9cial 8"},"content":{"rendered":"<h2 style=\"padding-left: 30px;\">Le bouquin<\/h2>\n<p style=\"text-align: center;\"><em>Initialement pr\u00e9vu pour \u00eatre uniquement dans l&rsquo;album, cet \u00e9pisode fait un parall\u00e8le<br \/>\n<\/em><em>avec ce dernier, et met en question son int\u00e9r\u00eat.<\/em><\/p>\n<p style=\"text-align: center;\"><img loading=\"lazy\" decoding=\"async\" class=\"aligncenter\" title=\"Lalbum\" src=\"http:\/\/img4.hostingpics.net\/pics\/460748Special7LQ.jpg\" alt=\"\" width=\"540\" height=\"2391\" \/><\/p>\n","protected":false},"excerpt":{"rendered":"<p>Le bouquin Initialement pr\u00e9vu pour \u00eatre uniquement dans l&rsquo;album, cet \u00e9pisode fait un parall\u00e8le avec ce dernier, et met en question son int\u00e9r\u00eat.<\/p>\n","protected":false},"author":1,"featured_media":0,"parent":6,"menu_order":0,"comment_status":"open","ping_status":"open","template":"","meta":{"footnotes":""},"class_list":["post-1952","page","type-page","status-publish","hentry"],"_links":{"self":[{"href":"http:\/\/www.dungeon-skippers.fr\/index.php?rest_route=\/wp\/v2\/pages\/1952","targetHints":{"allow":["GET"]}}],"collection":[{"href":"http:\/\/www.dungeon-skippers.fr\/index.php?rest_route=\/wp\/v2\/pages"}],"about":[{"href":"http:\/\/www.dungeon-skippers.fr\/index.php?rest_route=\/wp\/v2\/types\/page"}],"author":[{"embeddable":true,"href":"http:\/\/www.dungeon-skippers.fr\/index.php?rest_route=\/wp\/v2\/users\/1"}],"replies":[{"embeddable":true,"href":"http:\/\/www.dungeon-skippers.fr\/index.php?rest_route=%2Fwp%2Fv2%2Fcomments&post=1952"}],"version-history":[{"count":4,"href":"http:\/\/www.dungeon-skippers.fr\/index.php?rest_route=\/wp\/v2\/pages\/1952\/revisions"}],"predecessor-version":[{"id":1970,"href":"http:\/\/www.dungeon-skippers.fr\/index.php?rest_route=\/wp\/v2\/pages\/1952\/revisions\/1970"}],"up":[{"embeddable":true,"href":"http:\/\/www.dungeon-skippers.fr\/index.php?rest_route=\/wp\/v2\/pages\/6"}],"wp:attachment":[{"href":"http:\/\/www.dungeon-skippers.fr\/index.php?rest_route=%2Fwp%2Fv2%2Fmedia&parent=1952"}],"curies":[{"name":"wp","href":"https:\/\/api.w.org\/{rel}","templated":true}]}}