{"id":2661,"date":"2016-05-25T13:57:36","date_gmt":"2016-05-25T11:57:36","guid":{"rendered":"http:\/\/www.dungeon-skippers.fr\/?page_id=2661"},"modified":"2016-05-25T13:58:33","modified_gmt":"2016-05-25T11:58:33","slug":"episode-special-9","status":"publish","type":"page","link":"http:\/\/www.dungeon-skippers.fr\/?page_id=2661","title":{"rendered":"\u00c9pisode sp\u00e9cial 10"},"content":{"rendered":"<h2 style=\"padding-left: 30px;\">Metal Gear Liquid<\/h2>\n<p style=\"text-align: center;\"><em>Command\u00e9 par Greg du site Metal Gear News, cet \u00e9pisode pipi prout<br \/>\n<\/em><em>dans le style de la saison 1 rappellera certainement des souvenirs<br \/>\n\u00e0 ceux qui ont jou\u00e9 \u00e0 Metal Gear Solid premier du nom.<\/em><\/p>\n<p style=\"text-align: center;\"><img loading=\"lazy\" decoding=\"async\" class=\"aligncenter\" src=\"http:\/\/img15.hostingpics.net\/pics\/394974MGLLQ.jpg\" alt=\"\" width=\"540\" height=\"2597\" \/><\/p>\n","protected":false},"excerpt":{"rendered":"<p>Metal Gear Liquid Command\u00e9 par Greg du site Metal Gear News, cet \u00e9pisode pipi prout dans le style de la saison 1 rappellera certainement des souvenirs \u00e0 ceux qui ont jou\u00e9 \u00e0 Metal Gear Solid premier du nom.<\/p>\n","protected":false},"author":1,"featured_media":0,"parent":0,"menu_order":0,"comment_status":"open","ping_status":"closed","template":"","meta":{"footnotes":""},"class_list":["post-2661","page","type-page","status-publish","hentry"],"_links":{"self":[{"href":"http:\/\/www.dungeon-skippers.fr\/index.php?rest_route=\/wp\/v2\/pages\/2661","targetHints":{"allow":["GET"]}}],"collection":[{"href":"http:\/\/www.dungeon-skippers.fr\/index.php?rest_route=\/wp\/v2\/pages"}],"about":[{"href":"http:\/\/www.dungeon-skippers.fr\/index.php?rest_route=\/wp\/v2\/types\/page"}],"author":[{"embeddable":true,"href":"http:\/\/www.dungeon-skippers.fr\/index.php?rest_route=\/wp\/v2\/users\/1"}],"replies":[{"embeddable":true,"href":"http:\/\/www.dungeon-skippers.fr\/index.php?rest_route=%2Fwp%2Fv2%2Fcomments&post=2661"}],"version-history":[{"count":2,"href":"http:\/\/www.dungeon-skippers.fr\/index.php?rest_route=\/wp\/v2\/pages\/2661\/revisions"}],"predecessor-version":[{"id":2663,"href":"http:\/\/www.dungeon-skippers.fr\/index.php?rest_route=\/wp\/v2\/pages\/2661\/revisions\/2663"}],"wp:attachment":[{"href":"http:\/\/www.dungeon-skippers.fr\/index.php?rest_route=%2Fwp%2Fv2%2Fmedia&parent=2661"}],"curies":[{"name":"wp","href":"https:\/\/api.w.org\/{rel}","templated":true}]}}