{"id":2740,"date":"2016-07-15T07:07:02","date_gmt":"2016-07-15T05:07:02","guid":{"rendered":"http:\/\/www.dungeon-skippers.fr\/?page_id=2740"},"modified":"2016-07-19T13:42:10","modified_gmt":"2016-07-19T11:42:10","slug":"paper-toy-pikwik-instructions-de-montage","status":"publish","type":"page","link":"http:\/\/www.dungeon-skippers.fr\/?page_id=2740","title":{"rendered":"Paper toy Pikwik : instructions de montage"},"content":{"rendered":"<p style=\"text-align: justify;\">Si tu t&rsquo;es retrouv\u00e9 sur cette page, c&rsquo;est que tu es l&rsquo;heureux possesseur d&rsquo;un magnifique paper toy Pikwik. Bravo \u00e0\u00a0toi ! Malheureusement, il est encore tout plat, et il va donc falloir que tu mettes la main \u00e0\u00a0la pate !\u00a0Voici donc quelques instructions et conseils pour donner vie \u00e0\u00a0ton nouvel ami :<\/p>\n<p style=\"text-align: justify;\">1) D\u00e9coupe MINUTIEUSEMENT chaque \u00e9l\u00e9ment de la feuille.<\/p>\n<h5 style=\"text-align: center;\"><img loading=\"lazy\" decoding=\"async\" class=\"aligncenter\" src=\"http:\/\/img15.hostingpics.net\/pics\/561849coupe.jpg\" alt=\"\" width=\"270\" height=\"200\" \/><\/h5>\n<h5 style=\"text-align: center;\">Sans oublier d&rsquo;entailler les parties en rouge !<\/h5>\n<p style=\"text-align: justify;\">2) Plie chaque languette et chaque arr\u00eate afin de rendre le papier plus manipulable.<\/p>\n<p style=\"text-align: justify;\">3) Commence par monter le corps.\u00a0Tu peux utiliser de la colle forte, mais je te conseille plutot de passer ton doigt dans le trou au niveau des jambes (ce n&rsquo;est pas sale) et de placer sur les languettes de petits morceaux de scotch, \u00e7a tiendra mieux.<\/p>\n<h5 style=\"text-align: center;\"><img loading=\"lazy\" decoding=\"async\" class=\"aligncenter\" src=\"http:\/\/img15.hostingpics.net\/pics\/762739IMG3434.jpg\" alt=\"\" width=\"270\" height=\"200\" \/><\/h5>\n<p style=\"text-align: justify;\">4) Plie la cape en deux et rabats la languette \u00e0\u00a0l&rsquo;int\u00e9rieur pour coller l&rsquo;ensemble et faire une cape verte des deux c\u00f4t\u00e9s.<\/p>\n<h5 style=\"text-align: center;\"><img loading=\"lazy\" decoding=\"async\" class=\"aligncenter\" src=\"http:\/\/img15.hostingpics.net\/pics\/176874IMG3435.jpg\" alt=\"\" width=\"270\" height=\"200\" \/><\/h5>\n<p style=\"text-align: justify;\">5) Colle ensuite la languette C de la cape sur le haut du corps sur l&#8217;emplacement pr\u00e9vu, et fais de m\u00eame avec les bras A et B.<\/p>\n<p style=\"text-align: justify;\">6) Monte ensuite la t\u00eate, en arrondissant les c\u00f4t\u00e9s du visage (qui doivent former un arc).\u00a0Laisse l&rsquo;arri\u00e8re du cr\u00e2ne ouvert afin de pouvoir glisser ton doigt dedans et coller des bouts de scotchs sur les languettes. \u00c0 la fin, ne cherche pas \u00e0\u00a0coller la languette de l&rsquo;arri\u00e8re du cr\u00e2ne \u00e0\u00a0l&rsquo;int\u00e9rieur : laisse la languette \u00e0\u00a0l&rsquo;ext\u00e9rieur sans la coller (elle sera cach\u00e9e par les cheveux de toute fa\u00e7on).<\/p>\n<h5 style=\"text-align: center;\"><img loading=\"lazy\" decoding=\"async\" class=\"aligncenter\" src=\"http:\/\/img15.hostingpics.net\/pics\/703870IMG3438.jpg\" alt=\"\" width=\"270\" height=\"200\" \/><\/h5>\n<h5 style=\"text-align: center;\"><img loading=\"lazy\" decoding=\"async\" class=\"aligncenter\" src=\"http:\/\/img15.hostingpics.net\/pics\/695780IMG3437.jpg\" alt=\"\" width=\"270\" height=\"200\" \/><\/h5>\n<p style=\"text-align: justify;\">7) Colle la t\u00eate sur le corps.\u00a0Mets de la colle sur le carr\u00e9 blanc en dessous de la t\u00eate, et applique-la au dessus des languettes A B et C du corps. Tu as bien laiss\u00e9 l&rsquo;arri\u00e8re du cr\u00e2ne ouvert ? Parfait ! Mets un premier doigt \u00e0\u00a0l&rsquo;int\u00e9rieur, puis un second doigt dans l&rsquo;ouverture en bas du corps afin de pouvoir coller plus facilement la t\u00eate et le corps, en appuyant bien fort.<\/p>\n<h5 style=\"text-align: center;\"><img loading=\"lazy\" decoding=\"async\" class=\"aligncenter\" src=\"http:\/\/img15.hostingpics.net\/pics\/605779IMG3442.jpg\" alt=\"\" width=\"270\" height=\"200\" \/><\/h5>\n<p style=\"text-align: justify;\">8) Pour finir, les cheveux !\u00a0Commence par coller les c\u00f4t\u00e9s aux cheveux arri\u00e8re, toujours en pla\u00e7ant de petits bouts de scotch sur les languettes \u00e0\u00a0l&rsquo;int\u00e9rieur. Une fois que c&rsquo;est fait, n&rsquo;essaie pas de faire correspondre parfaitement les c\u00f4t\u00e9s et les cheveux avant, l&rsquo;avant doit d\u00e9passer un peu par rapport aux c\u00f4t\u00e9s.<\/p>\n<h5 style=\"text-align: center;\"><img loading=\"lazy\" decoding=\"async\" class=\"aligncenter\" src=\"http:\/\/img15.hostingpics.net\/pics\/852116IMG3439.jpg\" alt=\"\" width=\"270\" height=\"200\" \/><\/h5>\n<h5 style=\"text-align: center;\"><img loading=\"lazy\" decoding=\"async\" class=\"aligncenter\" src=\"http:\/\/img15.hostingpics.net\/pics\/123904IMG3440.jpg\" alt=\"\" width=\"270\" height=\"200\" \/><\/h5>\n<p style=\"text-align: justify;\">9) Place ensuite les cheveux comme un casque sur la t\u00eate de Pikwik, afin de cacher ce front \u00e9norme et disgracieux.<\/p>\n<h5 style=\"text-align: center;\"><img loading=\"lazy\" decoding=\"async\" class=\"aligncenter\" src=\"http:\/\/img15.hostingpics.net\/pics\/898059IMG3441.jpg\" alt=\"\" width=\"270\" height=\"200\" \/><\/h5>\n<p>10) Ton Pikwik est termin\u00e9 !<br \/>\nFais-lui maintenant un bisou, parce qu&rsquo;il l&rsquo;a bien merit\u00e9.<\/p>\n","protected":false},"excerpt":{"rendered":"<p>Si tu t&rsquo;es retrouv\u00e9 sur cette page, c&rsquo;est que tu es l&rsquo;heureux possesseur d&rsquo;un magnifique paper toy Pikwik. Bravo \u00e0\u00a0toi ! Malheureusement, il est encore tout plat, et il va donc falloir que tu mettes la main \u00e0\u00a0la pate !\u00a0Voici donc quelques instructions et conseils pour donner vie \u00e0\u00a0ton nouvel ami : 1) D\u00e9coupe MINUTIEUSEMENT [&hellip;]<\/p>\n","protected":false},"author":1,"featured_media":0,"parent":0,"menu_order":0,"comment_status":"open","ping_status":"closed","template":"","meta":{"footnotes":""},"class_list":["post-2740","page","type-page","status-publish","hentry"],"_links":{"self":[{"href":"http:\/\/www.dungeon-skippers.fr\/index.php?rest_route=\/wp\/v2\/pages\/2740","targetHints":{"allow":["GET"]}}],"collection":[{"href":"http:\/\/www.dungeon-skippers.fr\/index.php?rest_route=\/wp\/v2\/pages"}],"about":[{"href":"http:\/\/www.dungeon-skippers.fr\/index.php?rest_route=\/wp\/v2\/types\/page"}],"author":[{"embeddable":true,"href":"http:\/\/www.dungeon-skippers.fr\/index.php?rest_route=\/wp\/v2\/users\/1"}],"replies":[{"embeddable":true,"href":"http:\/\/www.dungeon-skippers.fr\/index.php?rest_route=%2Fwp%2Fv2%2Fcomments&post=2740"}],"version-history":[{"count":13,"href":"http:\/\/www.dungeon-skippers.fr\/index.php?rest_route=\/wp\/v2\/pages\/2740\/revisions"}],"predecessor-version":[{"id":2760,"href":"http:\/\/www.dungeon-skippers.fr\/index.php?rest_route=\/wp\/v2\/pages\/2740\/revisions\/2760"}],"wp:attachment":[{"href":"http:\/\/www.dungeon-skippers.fr\/index.php?rest_route=%2Fwp%2Fv2%2Fmedia&parent=2740"}],"curies":[{"name":"wp","href":"https:\/\/api.w.org\/{rel}","templated":true}]}}